{"id":5046,"date":"2026-01-27T15:36:09","date_gmt":"2026-01-27T15:36:09","guid":{"rendered":"https:\/\/xtremecomponents.cl\/product\/b550-gigabyte-ud-ac-wifi\/"},"modified":"2026-03-11T16:22:54","modified_gmt":"2026-03-11T19:22:54","slug":"b550-gigabyte-ud-ac-wifi","status":"publish","type":"product","link":"https:\/\/xtremecomponents.cl\/en\/product\/b550-gigabyte-ud-ac-wifi\/","title":{"rendered":"B550 GIGABYTE UD AC WIFI"},"content":{"rendered":"<ul class=\"KsbFXc U6u95\">\n<li data-hveid=\"CAQQAA\"><span class=\"T286Pc\" data-sfc-cp=\"\"><strong class=\"Yjhzub\">(B550 UD AC)<br \/>\nProcesador (CPU):<\/strong> Socket AM4 compatible con AMD Ryzen\u2122 5000\/5000G\/4000G\/3000 Series.<\/span><\/li>\n<li data-hveid=\"CAQQAQ\"><span class=\"T286Pc\" data-sfc-cp=\"\"><strong class=\"Yjhzub\">Chipset:<\/strong> AMD B550.<\/span><\/li>\n<li data-hveid=\"CAQQAg\"><span class=\"T286Pc\" data-sfc-cp=\"\"><strong class=\"Yjhzub\">Memoria RAM:<\/strong> 4 ranuras DIMM, Dual Channel DDR4 (soporta ECC\/Non-ECC, hasta 128GB totales), compatible con velocidades de hasta 4733+ MHz v\u00eda overclocking.<\/span><\/li>\n<li data-hveid=\"CAQQAw\"><span class=\"T286Pc\" data-sfc-cp=\"\"><strong class=\"Yjhzub\">Almacenamiento:<\/strong> 2 conectores M.2 (1x PCIe 4.0\/3.0 x4, 1x PCIe 3.0 x4) y 4 conectores SATA 6Gb\/s.<\/span><\/li>\n<li data-hveid=\"CAQQBA\"><span class=\"T286Pc\" data-sfc-cp=\"\"><strong class=\"Yjhzub\">Ranuras de Expansi\u00f3n:<\/strong> 1 ranura PCIe 4.0 x16 (Ultra Durable) y ranuras PCIe 3.0 x1 adicionales.<\/span><\/li>\n<li data-hveid=\"CAQQBQ\"><span class=\"T286Pc\" data-sfc-cp=\"\"><strong class=\"Yjhzub\">Conectividad:<\/strong> Wi-Fi 802.11a\/b\/g\/n\/ac y Bluetooth, LAN Realtek GbE.<\/span><\/li>\n<li data-hveid=\"CAQQBg\"><span class=\"T286Pc\" data-sfc-cp=\"\"><strong class=\"Yjhzub\">Audio:<\/strong> Realtek Audio Codec, condensadores de audio de alta calidad y Audio Noise Guard.<\/span><\/li>\n<li data-hveid=\"CAQQBw\"><span class=\"T286Pc\" data-sfc-cp=\"\"><strong class=\"Yjhzub\">Puertos Traseros:<\/strong> USB 3.2 Gen1 Type-C\u00ae, USB 3.2\/2.0, HDMI, conectores de audio, puerto RJ-45, conector de antenas Wi-Fi.<\/span><\/li>\n<li data-hveid=\"CAQQCA\"><span class=\"T286Pc\" data-sfc-cp=\"\"><strong class=\"Yjhzub\">Caracter\u00edsticas Especiales:<\/strong> Dise\u00f1o de energ\u00eda 10+3 fases, Q-Flash Plus (actualizaci\u00f3n BIOS sin CPU\/RAM), RGB Fusion 2.0, Smart Fan 5.<\/span><\/li>\n<li data-hveid=\"CAQQCQ\"><span class=\"T286Pc\" data-sfc-cp=\"\"><strong class=\"Yjhzub\">Factor de Forma:<\/strong> ATX.<\/span><span class=\"uJ19be notranslate\" data-wiz-uids=\"o5xv4_1s\"><span class=\"vKEkVd\" data-animation-atomic=\"\" data-wiz-attrbind=\"class=o5xv4_1r\/TKHnVd\">\u00a0<\/span><\/span><\/li>\n<\/ul>","protected":false},"excerpt":{"rendered":"<p>(B550 UD AC) Procesador (CPU): Socket AM4 compatible con AMD Ryzen\u2122 5000\/5000G\/4000G\/3000 Series. Chipset: AMD B550. Memoria RAM: 4 ranuras<\/p>","protected":false},"featured_media":5273,"comment_status":"open","ping_status":"closed","template":"","meta":{"_monsterinsights_skip_tracking":false,"_monsterinsights_sitenote_active":false,"_monsterinsights_sitenote_note":"","_monsterinsights_sitenote_category":0,"_kadence_starter_templates_imported_post":false,"_joinchat":[]},"product_brand":[],"product_cat":[242,245,198,241],"product_tag":[],"class_list":{"0":"post-5046","1":"product","2":"type-product","3":"status-publish","4":"has-post-thumbnail","6":"product_cat-am4","7":"product_cat-b550","8":"product_cat-compra-inmediata","9":"product_cat-placas-madre","11":"first","12":"outofstock","13":"sale","14":"shipping-taxable","15":"purchasable","16":"product-type-simple"},"aioseo_notices":[],"_links":{"self":[{"href":"https:\/\/xtremecomponents.cl\/en\/wp-json\/wp\/v2\/product\/5046","targetHints":{"allow":["GET"]}}],"collection":[{"href":"https:\/\/xtremecomponents.cl\/en\/wp-json\/wp\/v2\/product"}],"about":[{"href":"https:\/\/xtremecomponents.cl\/en\/wp-json\/wp\/v2\/types\/product"}],"replies":[{"embeddable":true,"href":"https:\/\/xtremecomponents.cl\/en\/wp-json\/wp\/v2\/comments?post=5046"}],"version-history":[{"count":2,"href":"https:\/\/xtremecomponents.cl\/en\/wp-json\/wp\/v2\/product\/5046\/revisions"}],"predecessor-version":[{"id":5049,"href":"https:\/\/xtremecomponents.cl\/en\/wp-json\/wp\/v2\/product\/5046\/revisions\/5049"}],"wp:featuredmedia":[{"embeddable":true,"href":"https:\/\/xtremecomponents.cl\/en\/wp-json\/wp\/v2\/media\/5273"}],"wp:attachment":[{"href":"https:\/\/xtremecomponents.cl\/en\/wp-json\/wp\/v2\/media?parent=5046"}],"wp:term":[{"taxonomy":"product_brand","embeddable":true,"href":"https:\/\/xtremecomponents.cl\/en\/wp-json\/wp\/v2\/product_brand?post=5046"},{"taxonomy":"product_cat","embeddable":true,"href":"https:\/\/xtremecomponents.cl\/en\/wp-json\/wp\/v2\/product_cat?post=5046"},{"taxonomy":"product_tag","embeddable":true,"href":"https:\/\/xtremecomponents.cl\/en\/wp-json\/wp\/v2\/product_tag?post=5046"}],"curies":[{"name":"wp","href":"https:\/\/api.w.org\/{rel}","templated":true}]}}