{"id":5407,"date":"2026-02-14T18:35:41","date_gmt":"2026-02-14T18:35:41","guid":{"rendered":"https:\/\/xtremecomponents.cl\/product\/intel-core-i9-14900kf\/"},"modified":"2026-04-17T12:38:45","modified_gmt":"2026-04-17T15:38:45","slug":"intel-core-i9-14900kf","status":"publish","type":"product","link":"https:\/\/xtremecomponents.cl\/en\/product\/intel-core-i9-14900kf\/","title":{"rendered":"INTEL CORE I9 14900KF"},"content":{"rendered":"<div class=\"col-12 col-md-6\">\n<h2 class=\"MuiTypography-root MuiTypography-h2 css-1k5oa3q\">[BX8071514900KF]<\/h2>\n<h3>\nCaracter\u00edsticas<\/h3>\n<dl>\n<dt>Frecuencia<\/dt>\n<dd>3200 MHz<\/dd>\n<dt>Frecuencia turbo m\u00e1xima<\/dt>\n<dd>6000 MHz<\/dd>\n<dt>N\u00facleos \/ hilos<\/dt>\n<dd>8 P-cores \/ 16 E-cores \/ 32 hilos<\/dd>\n<dt>Cach\u00e9<\/dt>\n<dd>2 x 24MB L2 \/ 36MB L3<\/dd>\n<dt>Socket<\/dt>\n<dd>LGA 1700<\/dd>\n<\/dl>\n<\/div>\n<div class=\"col-12 col-md-6\">\n<h3>Especificaciones secundarias<\/h3>\n<dl>\n<dt>N\u00facleo<\/dt>\n<dd>Intel Raptor Lake-S Refresh (Raptor Lake)<\/dd>\n<dt>Proceso de manufactura<\/dt>\n<dd>10 nm<\/dd>\n<dt>TDP<\/dt>\n<dd>125 W<\/dd>\n<dt>Cooler<\/dt>\n<dd>No posee<\/dd>\n<dt>Gr\u00e1ficos integrados<\/dt>\n<dd>No posee<\/dd>\n<\/dl>\n<\/div>\n","protected":false},"excerpt":{"rendered":"<p>[BX8071514900KF] Caracter\u00edsticas Frecuencia 3200 MHz Frecuencia turbo m\u00e1xima 6000 MHz N\u00facleos \/ hilos 8 P-cores \/ 16 E-cores \/ 32<\/p>\n","protected":false},"featured_media":5409,"comment_status":"open","ping_status":"closed","template":"","meta":{"_monsterinsights_skip_tracking":false,"_monsterinsights_sitenote_active":false,"_monsterinsights_sitenote_note":"","_monsterinsights_sitenote_category":0,"_kadence_starter_templates_imported_post":false,"_joinchat":[]},"product_brand":[],"product_cat":[221,265,266,234],"product_tag":[],"class_list":{"0":"post-5407","1":"product","2":"type-product","3":"status-publish","4":"has-post-thumbnail","6":"product_cat-en-bodega","7":"product_cat-intel","8":"product_cat-lga-1700","9":"product_cat-procesadores","11":"first","12":"instock","13":"shipping-taxable","14":"purchasable","15":"product-type-simple"},"aioseo_notices":[],"_links":{"self":[{"href":"https:\/\/xtremecomponents.cl\/en\/wp-json\/wp\/v2\/product\/5407","targetHints":{"allow":["GET"]}}],"collection":[{"href":"https:\/\/xtremecomponents.cl\/en\/wp-json\/wp\/v2\/product"}],"about":[{"href":"https:\/\/xtremecomponents.cl\/en\/wp-json\/wp\/v2\/types\/product"}],"replies":[{"embeddable":true,"href":"https:\/\/xtremecomponents.cl\/en\/wp-json\/wp\/v2\/comments?post=5407"}],"version-history":[{"count":2,"href":"https:\/\/xtremecomponents.cl\/en\/wp-json\/wp\/v2\/product\/5407\/revisions"}],"predecessor-version":[{"id":5411,"href":"https:\/\/xtremecomponents.cl\/en\/wp-json\/wp\/v2\/product\/5407\/revisions\/5411"}],"wp:featuredmedia":[{"embeddable":true,"href":"https:\/\/xtremecomponents.cl\/en\/wp-json\/wp\/v2\/media\/5409"}],"wp:attachment":[{"href":"https:\/\/xtremecomponents.cl\/en\/wp-json\/wp\/v2\/media?parent=5407"}],"wp:term":[{"taxonomy":"product_brand","embeddable":true,"href":"https:\/\/xtremecomponents.cl\/en\/wp-json\/wp\/v2\/product_brand?post=5407"},{"taxonomy":"product_cat","embeddable":true,"href":"https:\/\/xtremecomponents.cl\/en\/wp-json\/wp\/v2\/product_cat?post=5407"},{"taxonomy":"product_tag","embeddable":true,"href":"https:\/\/xtremecomponents.cl\/en\/wp-json\/wp\/v2\/product_tag?post=5407"}],"curies":[{"name":"wp","href":"https:\/\/api.w.org\/{rel}","templated":true}]}}