{"id":5422,"date":"2026-02-14T19:04:01","date_gmt":"2026-02-14T19:04:01","guid":{"rendered":"https:\/\/xtremecomponents.cl\/product\/amd-ryzen-9-9900x\/"},"modified":"2026-04-17T12:37:25","modified_gmt":"2026-04-17T15:37:25","slug":"amd-ryzen-9-9900x","status":"publish","type":"product","link":"https:\/\/xtremecomponents.cl\/en\/product\/amd-ryzen-9-9900x\/","title":{"rendered":"AMD RYZEN 9 9950X"},"content":{"rendered":"<div class=\"col-12 col-md-6\">\n<h2 class=\"MuiTypography-root MuiTypography-h2 css-1k5oa3q\">[100-100001277WOF]<\/h2>\n<h3>\nCaracter\u00edsticas<\/h3>\n<dl>\n<dt>Frecuencia<\/dt>\n<dd>4300 MHz<\/dd>\n<dt>Frecuencia turbo m\u00e1xima<\/dt>\n<dd>5700 MHz<\/dd>\n<dt>N\u00facleos \/ hilos<\/dt>\n<dd>16 n\u00facleos \/ 32 hilos<\/dd>\n<dt>Cach\u00e9<\/dt>\n<dd>16 x 1MB L2 \/ 64MB L3<\/dd>\n<dt>Socket<\/dt>\n<dd>AM5<\/dd>\n<\/dl>\n<\/div>\n<div class=\"col-12 col-md-6\">\n<h3>Especificaciones secundarias<\/h3>\n<dl>\n<dt>N\u00facleo<\/dt>\n<dd>AMD Granite Ridge (Zen 5)<\/dd>\n<dt>Proceso de manufactura<\/dt>\n<dd>4 nm<\/dd>\n<dt>TDP<\/dt>\n<dd>170 W<\/dd>\n<dt>Cooler<\/dt>\n<dd>No posee<\/dd>\n<dt>Gr\u00e1ficos integrados<\/dt>\n<dd>RDNA 2<\/dd>\n<\/dl>\n<\/div>\n","protected":false},"excerpt":{"rendered":"<p>[100-100001277WOF] Caracter\u00edsticas Frecuencia 4300 MHz Frecuencia turbo m\u00e1xima 5700 MHz N\u00facleos \/ hilos 16 n\u00facleos \/ 32 hilos Cach\u00e9 16<\/p>\n","protected":false},"featured_media":5423,"comment_status":"open","ping_status":"closed","template":"","meta":{"_monsterinsights_skip_tracking":false,"_monsterinsights_sitenote_active":false,"_monsterinsights_sitenote_note":"","_monsterinsights_sitenote_category":0,"_kadence_starter_templates_imported_post":false,"_joinchat":[]},"product_brand":[],"product_cat":[235,221,240,234],"product_tag":[],"class_list":{"0":"post-5422","1":"product","2":"type-product","3":"status-publish","4":"has-post-thumbnail","6":"product_cat-amd","7":"product_cat-en-bodega","8":"product_cat-gen-9000","9":"product_cat-procesadores","11":"first","12":"instock","13":"shipping-taxable","14":"purchasable","15":"product-type-simple"},"aioseo_notices":[],"_links":{"self":[{"href":"https:\/\/xtremecomponents.cl\/en\/wp-json\/wp\/v2\/product\/5422","targetHints":{"allow":["GET"]}}],"collection":[{"href":"https:\/\/xtremecomponents.cl\/en\/wp-json\/wp\/v2\/product"}],"about":[{"href":"https:\/\/xtremecomponents.cl\/en\/wp-json\/wp\/v2\/types\/product"}],"replies":[{"embeddable":true,"href":"https:\/\/xtremecomponents.cl\/en\/wp-json\/wp\/v2\/comments?post=5422"}],"version-history":[{"count":1,"href":"https:\/\/xtremecomponents.cl\/en\/wp-json\/wp\/v2\/product\/5422\/revisions"}],"predecessor-version":[{"id":5424,"href":"https:\/\/xtremecomponents.cl\/en\/wp-json\/wp\/v2\/product\/5422\/revisions\/5424"}],"wp:featuredmedia":[{"embeddable":true,"href":"https:\/\/xtremecomponents.cl\/en\/wp-json\/wp\/v2\/media\/5423"}],"wp:attachment":[{"href":"https:\/\/xtremecomponents.cl\/en\/wp-json\/wp\/v2\/media?parent=5422"}],"wp:term":[{"taxonomy":"product_brand","embeddable":true,"href":"https:\/\/xtremecomponents.cl\/en\/wp-json\/wp\/v2\/product_brand?post=5422"},{"taxonomy":"product_cat","embeddable":true,"href":"https:\/\/xtremecomponents.cl\/en\/wp-json\/wp\/v2\/product_cat?post=5422"},{"taxonomy":"product_tag","embeddable":true,"href":"https:\/\/xtremecomponents.cl\/en\/wp-json\/wp\/v2\/product_tag?post=5422"}],"curies":[{"name":"wp","href":"https:\/\/api.w.org\/{rel}","templated":true}]}}