{"id":6091,"date":"2026-03-20T13:14:59","date_gmt":"2026-03-20T16:14:59","guid":{"rendered":"https:\/\/xtremecomponents.cl\/?post_type=product&#038;p=6091"},"modified":"2026-05-04T06:22:33","modified_gmt":"2026-05-04T09:22:33","slug":"amd-ryzen-5-7600x","status":"publish","type":"product","link":"https:\/\/xtremecomponents.cl\/en\/product\/amd-ryzen-5-7600x\/","title":{"rendered":"AMD RYZEN 5 7600X"},"content":{"rendered":"<div class=\"col-12 col-md-6\">\n<h3>Caracter\u00edsticas<\/h3>\n<dl>\n<dt>Frecuencia<\/dt>\n<dd>4700 MHz<\/dd>\n<dt>Frecuencia turbo m\u00e1xima<\/dt>\n<dd>5300 MHz<\/dd>\n<dt>N\u00facleos \/ hilos<\/dt>\n<dd>6 n\u00facleos \/ 12 hilos<\/dd>\n<dt>Cach\u00e9<\/dt>\n<dd>6 x 1MB L2 \/ 32MB L3<\/dd>\n<dt>Socket<\/dt>\n<dd>AM5<\/dd>\n<\/dl>\n<\/div>\n<div class=\"col-12 col-md-6\">\n<h3>Especificaciones secundarias<\/h3>\n<dl>\n<dt>N\u00facleo<\/dt>\n<dd>AMD Raphael (Zen 4)<\/dd>\n<dt>Proceso de manufactura<\/dt>\n<dd>5 nm<\/dd>\n<dt>TDP<\/dt>\n<dd>105 W<\/dd>\n<dt>Cooler<\/dt>\n<dd>No posee<\/dd>\n<dt>Gr\u00e1ficos integrados<\/dt>\n<dd>RDNA 2<\/p>\n<h2 class=\"MuiTypography-root MuiTypography-h2 css-7piw59\">[100-100000593WOF]<\/h2>\n<\/dd>\n<\/dl>\n<\/div>\n","protected":false},"excerpt":{"rendered":"<p>Caracter\u00edsticas Frecuencia 4700 MHz Frecuencia turbo m\u00e1xima 5300 MHz N\u00facleos \/ hilos 6 n\u00facleos \/ 12 hilos Cach\u00e9 6 x<\/p>","protected":false},"featured_media":6092,"comment_status":"open","ping_status":"closed","template":"","meta":{"_monsterinsights_skip_tracking":false,"_monsterinsights_sitenote_active":false,"_monsterinsights_sitenote_note":"","_monsterinsights_sitenote_category":0,"_kadence_starter_templates_imported_post":false,"_joinchat":[]},"product_brand":[],"product_cat":[235,198,239,234],"product_tag":[],"class_list":{"0":"post-6091","1":"product","2":"type-product","3":"status-publish","4":"has-post-thumbnail","6":"product_cat-amd","7":"product_cat-compra-inmediata","8":"product_cat-gen-7000","9":"product_cat-procesadores","11":"first","12":"outofstock","13":"sale","14":"shipping-taxable","15":"purchasable","16":"product-type-simple"},"aioseo_notices":[],"_links":{"self":[{"href":"https:\/\/xtremecomponents.cl\/en\/wp-json\/wp\/v2\/product\/6091","targetHints":{"allow":["GET"]}}],"collection":[{"href":"https:\/\/xtremecomponents.cl\/en\/wp-json\/wp\/v2\/product"}],"about":[{"href":"https:\/\/xtremecomponents.cl\/en\/wp-json\/wp\/v2\/types\/product"}],"replies":[{"embeddable":true,"href":"https:\/\/xtremecomponents.cl\/en\/wp-json\/wp\/v2\/comments?post=6091"}],"version-history":[{"count":2,"href":"https:\/\/xtremecomponents.cl\/en\/wp-json\/wp\/v2\/product\/6091\/revisions"}],"predecessor-version":[{"id":6140,"href":"https:\/\/xtremecomponents.cl\/en\/wp-json\/wp\/v2\/product\/6091\/revisions\/6140"}],"wp:featuredmedia":[{"embeddable":true,"href":"https:\/\/xtremecomponents.cl\/en\/wp-json\/wp\/v2\/media\/6092"}],"wp:attachment":[{"href":"https:\/\/xtremecomponents.cl\/en\/wp-json\/wp\/v2\/media?parent=6091"}],"wp:term":[{"taxonomy":"product_brand","embeddable":true,"href":"https:\/\/xtremecomponents.cl\/en\/wp-json\/wp\/v2\/product_brand?post=6091"},{"taxonomy":"product_cat","embeddable":true,"href":"https:\/\/xtremecomponents.cl\/en\/wp-json\/wp\/v2\/product_cat?post=6091"},{"taxonomy":"product_tag","embeddable":true,"href":"https:\/\/xtremecomponents.cl\/en\/wp-json\/wp\/v2\/product_tag?post=6091"}],"curies":[{"name":"wp","href":"https:\/\/api.w.org\/{rel}","templated":true}]}}