{"id":6326,"date":"2026-04-08T11:44:53","date_gmt":"2026-04-08T14:44:53","guid":{"rendered":"https:\/\/xtremecomponents.cl\/?post_type=product&#038;p=6326"},"modified":"2026-04-08T11:44:53","modified_gmt":"2026-04-08T14:44:53","slug":"rx-9070xt-asrock-challenger-oc-16gb-gddr6","status":"publish","type":"product","link":"https:\/\/xtremecomponents.cl\/en\/product\/rx-9070xt-asrock-challenger-oc-16gb-gddr6\/","title":{"rendered":"RX 9070XT ASROCK CHALLENGER OC 16GB GDDR6"},"content":{"rendered":"<p>Caracter\u00edsticas<br \/>\nFabricante ASRockGPU AMD Radeon RX 9070 XTMemoria 16 GB GDDR6 (256 bit)Bus PCI Express 5.0 x16Frecuencias core (base \/ boost) 2400 \/ 2970 MHzFrecuencia memorias 2518 MHz<br \/>\nEspecificaciones secundarias<br \/>\nN\u00facleo AMD RDNA 4 Navi 48 XTPerfil NormalRefrigeraci\u00f3n VentiladorSlots Triple slotLargo 290 mm.Iluminaci\u00f3n RGB Programable\u00bfBackplate? S\u00edConectores de poder<br \/>\n2x 8 pines<br \/>\nPuertos de video<br \/>\n3x DisplayPort 2.1<br \/>\n1x HDMI 2.1<\/p>","protected":false},"excerpt":{"rendered":"<p>Caracter\u00edsticas Fabricante ASRockGPU AMD Radeon RX 9070 XTMemoria 16 GB GDDR6 (256 bit)Bus PCI Express 5.0 x16Frecuencias core (base \/<\/p>","protected":false},"featured_media":6332,"comment_status":"open","ping_status":"closed","template":"","meta":{"_monsterinsights_skip_tracking":false,"_monsterinsights_sitenote_active":false,"_monsterinsights_sitenote_note":"","_monsterinsights_sitenote_category":0,"_kadence_starter_templates_imported_post":false,"_joinchat":[]},"product_brand":[],"product_cat":[167,235,221,199,164],"product_tag":[],"class_list":{"0":"post-6326","1":"product","2":"type-product","3":"status-publish","4":"has-post-thumbnail","6":"product_cat-amd-tarjeta-grafica-2","7":"product_cat-amd","8":"product_cat-en-bodega","9":"product_cat-para-reservas","10":"product_cat-tarjeta-grafica-2","12":"first","13":"instock","14":"sale","15":"shipping-taxable","16":"purchasable","17":"product-type-simple"},"aioseo_notices":[],"_links":{"self":[{"href":"https:\/\/xtremecomponents.cl\/en\/wp-json\/wp\/v2\/product\/6326","targetHints":{"allow":["GET"]}}],"collection":[{"href":"https:\/\/xtremecomponents.cl\/en\/wp-json\/wp\/v2\/product"}],"about":[{"href":"https:\/\/xtremecomponents.cl\/en\/wp-json\/wp\/v2\/types\/product"}],"replies":[{"embeddable":true,"href":"https:\/\/xtremecomponents.cl\/en\/wp-json\/wp\/v2\/comments?post=6326"}],"version-history":[{"count":1,"href":"https:\/\/xtremecomponents.cl\/en\/wp-json\/wp\/v2\/product\/6326\/revisions"}],"predecessor-version":[{"id":6333,"href":"https:\/\/xtremecomponents.cl\/en\/wp-json\/wp\/v2\/product\/6326\/revisions\/6333"}],"wp:featuredmedia":[{"embeddable":true,"href":"https:\/\/xtremecomponents.cl\/en\/wp-json\/wp\/v2\/media\/6332"}],"wp:attachment":[{"href":"https:\/\/xtremecomponents.cl\/en\/wp-json\/wp\/v2\/media?parent=6326"}],"wp:term":[{"taxonomy":"product_brand","embeddable":true,"href":"https:\/\/xtremecomponents.cl\/en\/wp-json\/wp\/v2\/product_brand?post=6326"},{"taxonomy":"product_cat","embeddable":true,"href":"https:\/\/xtremecomponents.cl\/en\/wp-json\/wp\/v2\/product_cat?post=6326"},{"taxonomy":"product_tag","embeddable":true,"href":"https:\/\/xtremecomponents.cl\/en\/wp-json\/wp\/v2\/product_tag?post=6326"}],"curies":[{"name":"wp","href":"https:\/\/api.w.org\/{rel}","templated":true}]}}