{"id":6351,"date":"2026-04-09T12:51:15","date_gmt":"2026-04-09T15:51:15","guid":{"rendered":"https:\/\/xtremecomponents.cl\/?post_type=product&#038;p=6351"},"modified":"2026-04-09T12:51:15","modified_gmt":"2026-04-09T15:51:15","slug":"rtx-3070-msi-ventus-3x-oc-8gb-gddr6-usada","status":"publish","type":"product","link":"https:\/\/xtremecomponents.cl\/en\/product\/rtx-3070-msi-ventus-3x-oc-8gb-gddr6-usada\/","title":{"rendered":"RTX 3070 MSI VENTUS 3X OC 8GB GDDR6 (USADA)"},"content":{"rendered":"<p>PRODUCTO USADO SIN CAJA, CON GARANTIA DE 1 A\u00d1O.<\/p>\n<p>Caracter\u00edsticas<br \/>\nFabricante MSIGPU NVIDIA GeForce RTX 3070Memoria 8 GB GDDR6 (256 bit)Bus PCI Express 4.0 x16Frecuencias core (base \/ boost \/ OC) 1500 \/ 1725 \/ 1755 MHzFrecuencia memorias 1750 MHz<br \/>\nEspecificaciones secundarias<br \/>\nN\u00facleo NVIDIA Ampere GA104Perfil NormalRefrigeraci\u00f3n VentiladorSlots Dual slotLargo 305 mm.Iluminaci\u00f3n Desconocido\u00bfBackplate? S\u00edConectores de poder<br \/>\n2x 8 pines<br \/>\nPuertos de video<br \/>\n3x DisplayPort<br \/>\n1x HDMI<\/p>","protected":false},"excerpt":{"rendered":"<p>PRODUCTO USADO SIN CAJA, CON GARANTIA DE 1 A\u00d1O. Caracter\u00edsticas Fabricante MSIGPU NVIDIA GeForce RTX 3070Memoria 8 GB GDDR6 (256<\/p>","protected":false},"featured_media":6352,"comment_status":"open","ping_status":"closed","template":"","meta":{"_monsterinsights_skip_tracking":false,"_monsterinsights_sitenote_active":false,"_monsterinsights_sitenote_note":"","_monsterinsights_sitenote_category":0,"_kadence_starter_templates_imported_post":false,"_joinchat":[]},"product_brand":[],"product_cat":[198,165,164,166],"product_tag":[],"class_list":{"0":"post-6351","1":"product","2":"type-product","3":"status-publish","4":"has-post-thumbnail","6":"product_cat-compra-inmediata","7":"product_cat-nvidia-tarjeta-grafica-2","8":"product_cat-tarjeta-grafica-2","9":"product_cat-usado-tarjeta-grafica-2","11":"first","12":"instock","13":"sale","14":"shipping-taxable","15":"purchasable","16":"product-type-simple"},"aioseo_notices":[],"_links":{"self":[{"href":"https:\/\/xtremecomponents.cl\/en\/wp-json\/wp\/v2\/product\/6351","targetHints":{"allow":["GET"]}}],"collection":[{"href":"https:\/\/xtremecomponents.cl\/en\/wp-json\/wp\/v2\/product"}],"about":[{"href":"https:\/\/xtremecomponents.cl\/en\/wp-json\/wp\/v2\/types\/product"}],"replies":[{"embeddable":true,"href":"https:\/\/xtremecomponents.cl\/en\/wp-json\/wp\/v2\/comments?post=6351"}],"version-history":[{"count":1,"href":"https:\/\/xtremecomponents.cl\/en\/wp-json\/wp\/v2\/product\/6351\/revisions"}],"predecessor-version":[{"id":6357,"href":"https:\/\/xtremecomponents.cl\/en\/wp-json\/wp\/v2\/product\/6351\/revisions\/6357"}],"wp:featuredmedia":[{"embeddable":true,"href":"https:\/\/xtremecomponents.cl\/en\/wp-json\/wp\/v2\/media\/6352"}],"wp:attachment":[{"href":"https:\/\/xtremecomponents.cl\/en\/wp-json\/wp\/v2\/media?parent=6351"}],"wp:term":[{"taxonomy":"product_brand","embeddable":true,"href":"https:\/\/xtremecomponents.cl\/en\/wp-json\/wp\/v2\/product_brand?post=6351"},{"taxonomy":"product_cat","embeddable":true,"href":"https:\/\/xtremecomponents.cl\/en\/wp-json\/wp\/v2\/product_cat?post=6351"},{"taxonomy":"product_tag","embeddable":true,"href":"https:\/\/xtremecomponents.cl\/en\/wp-json\/wp\/v2\/product_tag?post=6351"}],"curies":[{"name":"wp","href":"https:\/\/api.w.org\/{rel}","templated":true}]}}