{"id":6371,"date":"2026-04-09T13:21:02","date_gmt":"2026-04-09T16:21:02","guid":{"rendered":"https:\/\/xtremecomponents.cl\/?post_type=product&#038;p=6371"},"modified":"2026-04-09T13:22:01","modified_gmt":"2026-04-09T16:22:01","slug":"rtx-5060-ti-gigabyte-eagle-max-oc-8gb-gddr7","status":"publish","type":"product","link":"https:\/\/xtremecomponents.cl\/en\/product\/rtx-5060-ti-gigabyte-eagle-max-oc-8gb-gddr7\/","title":{"rendered":"RTX 5060 TI GIGABYTE EAGLE MAX OC 8GB GDDR7 (INGRESANDO)"},"content":{"rendered":"<p>Producto ingresando la cuarta semana de abril.<br \/>\nCaracter\u00edsticas<br \/>\nFabricante GigabyteGPU NVIDIA GeForce RTX 5060 TiMemoria 16 GB GDDR7 (128 bit)Bus PCI Express 5,0 x8Frecuencias core (base \/ boost \/ OC) 2407 \/ 2572 \/ 2617 MHzFrecuencia memorias 875 MHz<br \/>\nEspecificaciones secundarias<br \/>\nN\u00facleo NVIDIA Blackwell 2.0 GB206-300Perfil NormalRefrigeraci\u00f3n VentiladorSlots Dual slotLargo 281 mm.Iluminaci\u00f3n Desconocido\u00bfBackplate? S\u00edConectores de poder<br \/>\n1x 8 pines<br \/>\nPuertos de video<br \/>\n3x DisplayPort 2.1<br \/>\n1x HDMI 2.1b<\/p>","protected":false},"excerpt":{"rendered":"<p>Producto ingresando la cuarta semana de abril. Caracter\u00edsticas Fabricante GigabyteGPU NVIDIA GeForce RTX 5060 TiMemoria 16 GB GDDR7 (128 bit)Bus<\/p>","protected":false},"featured_media":6372,"comment_status":"open","ping_status":"closed","template":"","meta":{"_monsterinsights_skip_tracking":false,"_monsterinsights_sitenote_active":false,"_monsterinsights_sitenote_note":"","_monsterinsights_sitenote_category":0,"_kadence_starter_templates_imported_post":false,"_joinchat":[]},"product_brand":[],"product_cat":[165,199,164],"product_tag":[],"class_list":{"0":"post-6371","1":"product","2":"type-product","3":"status-publish","4":"has-post-thumbnail","6":"product_cat-nvidia-tarjeta-grafica-2","7":"product_cat-para-reservas","8":"product_cat-tarjeta-grafica-2","10":"first","11":"onbackorder","12":"sale","13":"shipping-taxable","14":"purchasable","15":"product-type-simple"},"aioseo_notices":[],"_links":{"self":[{"href":"https:\/\/xtremecomponents.cl\/en\/wp-json\/wp\/v2\/product\/6371","targetHints":{"allow":["GET"]}}],"collection":[{"href":"https:\/\/xtremecomponents.cl\/en\/wp-json\/wp\/v2\/product"}],"about":[{"href":"https:\/\/xtremecomponents.cl\/en\/wp-json\/wp\/v2\/types\/product"}],"replies":[{"embeddable":true,"href":"https:\/\/xtremecomponents.cl\/en\/wp-json\/wp\/v2\/comments?post=6371"}],"version-history":[{"count":2,"href":"https:\/\/xtremecomponents.cl\/en\/wp-json\/wp\/v2\/product\/6371\/revisions"}],"predecessor-version":[{"id":6381,"href":"https:\/\/xtremecomponents.cl\/en\/wp-json\/wp\/v2\/product\/6371\/revisions\/6381"}],"wp:featuredmedia":[{"embeddable":true,"href":"https:\/\/xtremecomponents.cl\/en\/wp-json\/wp\/v2\/media\/6372"}],"wp:attachment":[{"href":"https:\/\/xtremecomponents.cl\/en\/wp-json\/wp\/v2\/media?parent=6371"}],"wp:term":[{"taxonomy":"product_brand","embeddable":true,"href":"https:\/\/xtremecomponents.cl\/en\/wp-json\/wp\/v2\/product_brand?post=6371"},{"taxonomy":"product_cat","embeddable":true,"href":"https:\/\/xtremecomponents.cl\/en\/wp-json\/wp\/v2\/product_cat?post=6371"},{"taxonomy":"product_tag","embeddable":true,"href":"https:\/\/xtremecomponents.cl\/en\/wp-json\/wp\/v2\/product_tag?post=6371"}],"curies":[{"name":"wp","href":"https:\/\/api.w.org\/{rel}","templated":true}]}}