{"id":6403,"date":"2026-04-11T17:13:33","date_gmt":"2026-04-11T20:13:33","guid":{"rendered":"https:\/\/xtremecomponents.cl\/?post_type=product&#038;p=6403"},"modified":"2026-04-11T17:13:33","modified_gmt":"2026-04-11T20:13:33","slug":"rtx-5070-gigabyte-windforfce-oc-12gb-gddr7-ingresando","status":"publish","type":"product","link":"https:\/\/xtremecomponents.cl\/en\/product\/rtx-5070-gigabyte-windforfce-oc-12gb-gddr7-ingresando\/","title":{"rendered":"RTX 5070 GIGABYTE WINDFORFCE OC 12GB GDDR7 (INGRESANDO)"},"content":{"rendered":"<p>Caracter\u00edsticas<br \/>\nFabricante GigabyteGPU NVIDIA GeForce RTX 5070Memoria 12 GB GDDR7 (192 bit)Bus PCI Express 5.0 x16Frecuencias core (base \/ boost \/ OC) 2160 \/ 2512 \/ 2542 MHzFrecuencia memorias 875 MHz<br \/>\nEspecificaciones secundarias<br \/>\nN\u00facleo NVIDIA Blackwell GB205-300Perfil NormalRefrigeraci\u00f3n VentiladorSlots Triple slotLargo 282 mm.Iluminaci\u00f3n No posee\u00bfBackplate? S\u00edConectores de poder<br \/>\n1x 16 pines (12VHPWR)<br \/>\nPuertos de video<br \/>\n3x DisplayPort 2.1<br \/>\n1x HDMI 2.1<\/p>","protected":false},"excerpt":{"rendered":"<p>Caracter\u00edsticas Fabricante GigabyteGPU NVIDIA GeForce RTX 5070Memoria 12 GB GDDR7 (192 bit)Bus PCI Express 5.0 x16Frecuencias core (base \/ boost<\/p>","protected":false},"featured_media":6412,"comment_status":"open","ping_status":"closed","template":"","meta":{"_monsterinsights_skip_tracking":false,"_monsterinsights_sitenote_active":false,"_monsterinsights_sitenote_note":"","_monsterinsights_sitenote_category":0,"_kadence_starter_templates_imported_post":false,"_joinchat":[]},"product_brand":[],"product_cat":[165,199,164],"product_tag":[],"class_list":{"0":"post-6403","1":"product","2":"type-product","3":"status-publish","4":"has-post-thumbnail","6":"product_cat-nvidia-tarjeta-grafica-2","7":"product_cat-para-reservas","8":"product_cat-tarjeta-grafica-2","10":"first","11":"onbackorder","12":"sale","13":"shipping-taxable","14":"purchasable","15":"product-type-simple"},"aioseo_notices":[],"_links":{"self":[{"href":"https:\/\/xtremecomponents.cl\/en\/wp-json\/wp\/v2\/product\/6403","targetHints":{"allow":["GET"]}}],"collection":[{"href":"https:\/\/xtremecomponents.cl\/en\/wp-json\/wp\/v2\/product"}],"about":[{"href":"https:\/\/xtremecomponents.cl\/en\/wp-json\/wp\/v2\/types\/product"}],"replies":[{"embeddable":true,"href":"https:\/\/xtremecomponents.cl\/en\/wp-json\/wp\/v2\/comments?post=6403"}],"version-history":[{"count":1,"href":"https:\/\/xtremecomponents.cl\/en\/wp-json\/wp\/v2\/product\/6403\/revisions"}],"predecessor-version":[{"id":6413,"href":"https:\/\/xtremecomponents.cl\/en\/wp-json\/wp\/v2\/product\/6403\/revisions\/6413"}],"wp:featuredmedia":[{"embeddable":true,"href":"https:\/\/xtremecomponents.cl\/en\/wp-json\/wp\/v2\/media\/6412"}],"wp:attachment":[{"href":"https:\/\/xtremecomponents.cl\/en\/wp-json\/wp\/v2\/media?parent=6403"}],"wp:term":[{"taxonomy":"product_brand","embeddable":true,"href":"https:\/\/xtremecomponents.cl\/en\/wp-json\/wp\/v2\/product_brand?post=6403"},{"taxonomy":"product_cat","embeddable":true,"href":"https:\/\/xtremecomponents.cl\/en\/wp-json\/wp\/v2\/product_cat?post=6403"},{"taxonomy":"product_tag","embeddable":true,"href":"https:\/\/xtremecomponents.cl\/en\/wp-json\/wp\/v2\/product_tag?post=6403"}],"curies":[{"name":"wp","href":"https:\/\/api.w.org\/{rel}","templated":true}]}}