{"id":6435,"date":"2026-04-11T17:21:33","date_gmt":"2026-04-11T20:21:33","guid":{"rendered":"https:\/\/xtremecomponents.cl\/?post_type=product&#038;p=6435"},"modified":"2026-04-11T17:21:34","modified_gmt":"2026-04-11T20:21:34","slug":"rtx-5080-aorus-master-ice-oc-16gb-gddr7-a-pedido","status":"publish","type":"product","link":"https:\/\/xtremecomponents.cl\/en\/product\/rtx-5080-aorus-master-ice-oc-16gb-gddr7-a-pedido\/","title":{"rendered":"RTX 5080 AORUS MASTER ICE OC 16GB GDDR7 (A PEDIDO)"},"content":{"rendered":"<p>Caracter\u00edsticas<br \/>\nFabricante GigabyteGPU NVIDIA GeForce RTX 5080Memoria 16 GB GDDR7 (256 bit)Bus PCI Express 5.0 x16Frecuencias core (base \/ boost \/ OC) 2300 \/ 2617 \/ 2805 MHzFrecuencia memorias 938 MHz<br \/>\nEspecificaciones secundarias<br \/>\nN\u00facleo NVIDIA Blackwell GB203-400Perfil NormalRefrigeraci\u00f3n VentiladorSlots Dual slotLargo 360 mm.Iluminaci\u00f3n No posee\u00bfBackplate? S\u00edConectores de poder<br \/>\n1x 16 pines (12VHPWR)<br \/>\nPuertos de video<br \/>\n3x DisplayPort 2.1<br \/>\n1x HDMI 2.1<\/p>","protected":false},"excerpt":{"rendered":"<p>Caracter\u00edsticas Fabricante GigabyteGPU NVIDIA GeForce RTX 5080Memoria 16 GB GDDR7 (256 bit)Bus PCI Express 5.0 x16Frecuencias core (base \/ boost<\/p>","protected":false},"featured_media":6445,"comment_status":"open","ping_status":"closed","template":"","meta":{"_monsterinsights_skip_tracking":false,"_monsterinsights_sitenote_active":false,"_monsterinsights_sitenote_note":"","_monsterinsights_sitenote_category":0,"_kadence_starter_templates_imported_post":false,"_joinchat":[]},"product_brand":[],"product_cat":[165,199,164],"product_tag":[],"class_list":{"0":"post-6435","1":"product","2":"type-product","3":"status-publish","4":"has-post-thumbnail","6":"product_cat-nvidia-tarjeta-grafica-2","7":"product_cat-para-reservas","8":"product_cat-tarjeta-grafica-2","10":"first","11":"onbackorder","12":"sale","13":"shipping-taxable","14":"purchasable","15":"product-type-simple"},"aioseo_notices":[],"_links":{"self":[{"href":"https:\/\/xtremecomponents.cl\/en\/wp-json\/wp\/v2\/product\/6435","targetHints":{"allow":["GET"]}}],"collection":[{"href":"https:\/\/xtremecomponents.cl\/en\/wp-json\/wp\/v2\/product"}],"about":[{"href":"https:\/\/xtremecomponents.cl\/en\/wp-json\/wp\/v2\/types\/product"}],"replies":[{"embeddable":true,"href":"https:\/\/xtremecomponents.cl\/en\/wp-json\/wp\/v2\/comments?post=6435"}],"version-history":[{"count":1,"href":"https:\/\/xtremecomponents.cl\/en\/wp-json\/wp\/v2\/product\/6435\/revisions"}],"predecessor-version":[{"id":6447,"href":"https:\/\/xtremecomponents.cl\/en\/wp-json\/wp\/v2\/product\/6435\/revisions\/6447"}],"wp:featuredmedia":[{"embeddable":true,"href":"https:\/\/xtremecomponents.cl\/en\/wp-json\/wp\/v2\/media\/6445"}],"wp:attachment":[{"href":"https:\/\/xtremecomponents.cl\/en\/wp-json\/wp\/v2\/media?parent=6435"}],"wp:term":[{"taxonomy":"product_brand","embeddable":true,"href":"https:\/\/xtremecomponents.cl\/en\/wp-json\/wp\/v2\/product_brand?post=6435"},{"taxonomy":"product_cat","embeddable":true,"href":"https:\/\/xtremecomponents.cl\/en\/wp-json\/wp\/v2\/product_cat?post=6435"},{"taxonomy":"product_tag","embeddable":true,"href":"https:\/\/xtremecomponents.cl\/en\/wp-json\/wp\/v2\/product_tag?post=6435"}],"curies":[{"name":"wp","href":"https:\/\/api.w.org\/{rel}","templated":true}]}}