{"id":6449,"date":"2026-04-11T22:36:12","date_gmt":"2026-04-12T01:36:12","guid":{"rendered":"https:\/\/xtremecomponents.cl\/?post_type=product&#038;p=6449"},"modified":"2026-04-11T22:36:12","modified_gmt":"2026-04-12T01:36:12","slug":"rx-9070xt-asrock-challenger-16gb-gddr6-ingresando","status":"publish","type":"product","link":"https:\/\/xtremecomponents.cl\/en\/product\/rx-9070xt-asrock-challenger-16gb-gddr6-ingresando\/","title":{"rendered":"RX 9070XT ASROCK CHALLENGER 16GB GDDR6 (INGRESANDO)"},"content":{"rendered":"<p>Caracter\u00edsticas<br \/>\nFabricante ASRockGPU AMD Radeon RX 9070Memoria 16 GB GDDR6 (256 bit)Bus PCI Express 5.0 x16Frecuencias core (base \/ boost) 2070 \/ 2520 MHzFrecuencia memorias 2500 MHz<br \/>\nEspecificaciones secundarias<br \/>\nN\u00facleo AMD RDNA 4 Navi 48 XTPerfil NormalRefrigeraci\u00f3n VentiladorSlots Triple slotLargo 290 mm.Iluminaci\u00f3n Simple\u00bfBackplate? S\u00edConectores de poder<br \/>\n2x 8 pines<br \/>\nPuertos de video<br \/>\n3x DisplayPort 2.1<br \/>\n1x HDMI 2.1b<\/p>","protected":false},"excerpt":{"rendered":"<p>Caracter\u00edsticas Fabricante ASRockGPU AMD Radeon RX 9070Memoria 16 GB GDDR6 (256 bit)Bus PCI Express 5.0 x16Frecuencias core (base \/ boost)<\/p>","protected":false},"featured_media":6454,"comment_status":"open","ping_status":"closed","template":"","meta":{"_monsterinsights_skip_tracking":false,"_monsterinsights_sitenote_active":false,"_monsterinsights_sitenote_note":"","_monsterinsights_sitenote_category":0,"_kadence_starter_templates_imported_post":false,"_joinchat":[]},"product_brand":[],"product_cat":[199,164],"product_tag":[],"class_list":{"0":"post-6449","1":"product","2":"type-product","3":"status-publish","4":"has-post-thumbnail","6":"product_cat-para-reservas","7":"product_cat-tarjeta-grafica-2","9":"first","10":"onbackorder","11":"sale","12":"shipping-taxable","13":"purchasable","14":"product-type-simple"},"aioseo_notices":[],"_links":{"self":[{"href":"https:\/\/xtremecomponents.cl\/en\/wp-json\/wp\/v2\/product\/6449","targetHints":{"allow":["GET"]}}],"collection":[{"href":"https:\/\/xtremecomponents.cl\/en\/wp-json\/wp\/v2\/product"}],"about":[{"href":"https:\/\/xtremecomponents.cl\/en\/wp-json\/wp\/v2\/types\/product"}],"replies":[{"embeddable":true,"href":"https:\/\/xtremecomponents.cl\/en\/wp-json\/wp\/v2\/comments?post=6449"}],"version-history":[{"count":1,"href":"https:\/\/xtremecomponents.cl\/en\/wp-json\/wp\/v2\/product\/6449\/revisions"}],"predecessor-version":[{"id":6455,"href":"https:\/\/xtremecomponents.cl\/en\/wp-json\/wp\/v2\/product\/6449\/revisions\/6455"}],"wp:featuredmedia":[{"embeddable":true,"href":"https:\/\/xtremecomponents.cl\/en\/wp-json\/wp\/v2\/media\/6454"}],"wp:attachment":[{"href":"https:\/\/xtremecomponents.cl\/en\/wp-json\/wp\/v2\/media?parent=6449"}],"wp:term":[{"taxonomy":"product_brand","embeddable":true,"href":"https:\/\/xtremecomponents.cl\/en\/wp-json\/wp\/v2\/product_brand?post=6449"},{"taxonomy":"product_cat","embeddable":true,"href":"https:\/\/xtremecomponents.cl\/en\/wp-json\/wp\/v2\/product_cat?post=6449"},{"taxonomy":"product_tag","embeddable":true,"href":"https:\/\/xtremecomponents.cl\/en\/wp-json\/wp\/v2\/product_tag?post=6449"}],"curies":[{"name":"wp","href":"https:\/\/api.w.org\/{rel}","templated":true}]}}