{"id":6497,"date":"2026-04-16T11:37:57","date_gmt":"2026-04-16T14:37:57","guid":{"rendered":"https:\/\/xtremecomponents.cl\/?post_type=product&#038;p=6497"},"modified":"2026-04-16T11:37:57","modified_gmt":"2026-04-16T14:37:57","slug":"rx-6600-sapphire-pulse-8gb-gddr6-usada-2","status":"publish","type":"product","link":"https:\/\/xtremecomponents.cl\/en\/product\/rx-6600-sapphire-pulse-8gb-gddr6-usada-2\/","title":{"rendered":"RX 6600 SAPPHIRE PULSE 8GB GDDR6 (USADA)"},"content":{"rendered":"<p>PRODUCTO USADO SIN CAJA ORIGINAL CON 1 A\u00d10 DE GARANTIA. <\/p>\n<p>Caracter\u00edsticas<br \/>\nFabricante SapphireGPU AMD Radeon RX 6600Memoria 8 GB GDDR6 (128 bit)Bus PCI Express 4.0 x8Frecuencias core (base \/ boost) 1626 \/ 2494 MHzFrecuencia memorias 1750 MHz<br \/>\nEspecificaciones secundarias<br \/>\nN\u00facleo AMD RDNA 2 Navi 23Perfil NormalRefrigeraci\u00f3n VentiladorSlots Dual slotLargo 193 mm.Iluminaci\u00f3n No posee\u00bfBackplate? S\u00edConectores de poder<br \/>\n1x 8 pines<br \/>\nPuertos de video<br \/>\n3x DisplayPort<br \/>\n1x HDMI<\/p>","protected":false},"excerpt":{"rendered":"<p>PRODUCTO USADO SIN CAJA ORIGINAL CON 1 A\u00d10 DE GARANTIA. Caracter\u00edsticas Fabricante SapphireGPU AMD Radeon RX 6600Memoria 8 GB GDDR6<\/p>","protected":false},"featured_media":6502,"comment_status":"open","ping_status":"closed","template":"","meta":{"_monsterinsights_skip_tracking":false,"_monsterinsights_sitenote_active":false,"_monsterinsights_sitenote_note":"","_monsterinsights_sitenote_category":0,"_kadence_starter_templates_imported_post":false,"_joinchat":[]},"product_brand":[],"product_cat":[198,164,166],"product_tag":[],"class_list":{"0":"post-6497","1":"product","2":"type-product","3":"status-publish","4":"has-post-thumbnail","6":"product_cat-compra-inmediata","7":"product_cat-tarjeta-grafica-2","8":"product_cat-usado-tarjeta-grafica-2","10":"first","11":"instock","12":"sale","13":"shipping-taxable","14":"purchasable","15":"product-type-simple"},"aioseo_notices":[],"_links":{"self":[{"href":"https:\/\/xtremecomponents.cl\/en\/wp-json\/wp\/v2\/product\/6497","targetHints":{"allow":["GET"]}}],"collection":[{"href":"https:\/\/xtremecomponents.cl\/en\/wp-json\/wp\/v2\/product"}],"about":[{"href":"https:\/\/xtremecomponents.cl\/en\/wp-json\/wp\/v2\/types\/product"}],"replies":[{"embeddable":true,"href":"https:\/\/xtremecomponents.cl\/en\/wp-json\/wp\/v2\/comments?post=6497"}],"version-history":[{"count":1,"href":"https:\/\/xtremecomponents.cl\/en\/wp-json\/wp\/v2\/product\/6497\/revisions"}],"predecessor-version":[{"id":6505,"href":"https:\/\/xtremecomponents.cl\/en\/wp-json\/wp\/v2\/product\/6497\/revisions\/6505"}],"wp:featuredmedia":[{"embeddable":true,"href":"https:\/\/xtremecomponents.cl\/en\/wp-json\/wp\/v2\/media\/6502"}],"wp:attachment":[{"href":"https:\/\/xtremecomponents.cl\/en\/wp-json\/wp\/v2\/media?parent=6497"}],"wp:term":[{"taxonomy":"product_brand","embeddable":true,"href":"https:\/\/xtremecomponents.cl\/en\/wp-json\/wp\/v2\/product_brand?post=6497"},{"taxonomy":"product_cat","embeddable":true,"href":"https:\/\/xtremecomponents.cl\/en\/wp-json\/wp\/v2\/product_cat?post=6497"},{"taxonomy":"product_tag","embeddable":true,"href":"https:\/\/xtremecomponents.cl\/en\/wp-json\/wp\/v2\/product_tag?post=6497"}],"curies":[{"name":"wp","href":"https:\/\/api.w.org\/{rel}","templated":true}]}}