{"id":6506,"date":"2026-04-16T11:41:40","date_gmt":"2026-04-16T14:41:40","guid":{"rendered":"https:\/\/xtremecomponents.cl\/?post_type=product&#038;p=6506"},"modified":"2026-04-16T11:41:40","modified_gmt":"2026-04-16T14:41:40","slug":"rtx-2060-zotac-gaming-6gb-gddr6-usada-2","status":"publish","type":"product","link":"https:\/\/xtremecomponents.cl\/en\/product\/rtx-2060-zotac-gaming-6gb-gddr6-usada-2\/","title":{"rendered":"RTX 2060 ZOTAC GAMING 6GB GDDR6 (USADA)"},"content":{"rendered":"<p>PRODUCTO USADO CON 1 A\u00d1O DE GARANTIA.<\/p>\n<p>Caracter\u00edsticas<br \/>\nFabricante ZotacGPU NVIDIA GeForce RTX 2060Memoria 12 GB GDDR6 (192 bit)Bus PCI Express 3.0 x16Frecuencias core (base \/ boost) 1365 \/ 1680 MHzFrecuencia memorias 1750 MHz<br \/>\nEspecificaciones secundarias<br \/>\nN\u00facleo NVIDIA Turing TU106Perfil NormalRefrigeraci\u00f3n VentiladorSlots Dual slotLargo 210 mm.Iluminaci\u00f3n Desconocido\u00bfBackplate? S\u00edConectores de poder<br \/>\n1x 8 pines<br \/>\nPuertos de video<br \/>\n3x DisplayPort<br \/>\n1x HDMI<\/p>","protected":false},"excerpt":{"rendered":"<p>PRODUCTO USADO CON 1 A\u00d1O DE GARANTIA. Caracter\u00edsticas Fabricante ZotacGPU NVIDIA GeForce RTX 2060Memoria 12 GB GDDR6 (192 bit)Bus PCI<\/p>","protected":false},"featured_media":6507,"comment_status":"open","ping_status":"closed","template":"","meta":{"_monsterinsights_skip_tracking":false,"_monsterinsights_sitenote_active":false,"_monsterinsights_sitenote_note":"","_monsterinsights_sitenote_category":0,"_kadence_starter_templates_imported_post":false,"_joinchat":[]},"product_brand":[],"product_cat":[198,164,166],"product_tag":[],"class_list":{"0":"post-6506","1":"product","2":"type-product","3":"status-publish","4":"has-post-thumbnail","6":"product_cat-compra-inmediata","7":"product_cat-tarjeta-grafica-2","8":"product_cat-usado-tarjeta-grafica-2","10":"first","11":"instock","12":"sale","13":"shipping-taxable","14":"purchasable","15":"product-type-simple"},"aioseo_notices":[],"_links":{"self":[{"href":"https:\/\/xtremecomponents.cl\/en\/wp-json\/wp\/v2\/product\/6506","targetHints":{"allow":["GET"]}}],"collection":[{"href":"https:\/\/xtremecomponents.cl\/en\/wp-json\/wp\/v2\/product"}],"about":[{"href":"https:\/\/xtremecomponents.cl\/en\/wp-json\/wp\/v2\/types\/product"}],"replies":[{"embeddable":true,"href":"https:\/\/xtremecomponents.cl\/en\/wp-json\/wp\/v2\/comments?post=6506"}],"version-history":[{"count":1,"href":"https:\/\/xtremecomponents.cl\/en\/wp-json\/wp\/v2\/product\/6506\/revisions"}],"predecessor-version":[{"id":6511,"href":"https:\/\/xtremecomponents.cl\/en\/wp-json\/wp\/v2\/product\/6506\/revisions\/6511"}],"wp:featuredmedia":[{"embeddable":true,"href":"https:\/\/xtremecomponents.cl\/en\/wp-json\/wp\/v2\/media\/6507"}],"wp:attachment":[{"href":"https:\/\/xtremecomponents.cl\/en\/wp-json\/wp\/v2\/media?parent=6506"}],"wp:term":[{"taxonomy":"product_brand","embeddable":true,"href":"https:\/\/xtremecomponents.cl\/en\/wp-json\/wp\/v2\/product_brand?post=6506"},{"taxonomy":"product_cat","embeddable":true,"href":"https:\/\/xtremecomponents.cl\/en\/wp-json\/wp\/v2\/product_cat?post=6506"},{"taxonomy":"product_tag","embeddable":true,"href":"https:\/\/xtremecomponents.cl\/en\/wp-json\/wp\/v2\/product_tag?post=6506"}],"curies":[{"name":"wp","href":"https:\/\/api.w.org\/{rel}","templated":true}]}}