{"id":6633,"date":"2026-04-25T22:11:34","date_gmt":"2026-04-26T01:11:34","guid":{"rendered":"https:\/\/xtremecomponents.cl\/?post_type=product&#038;p=6633"},"modified":"2026-04-25T22:11:35","modified_gmt":"2026-04-26T01:11:35","slug":"corsair-rme-series-rm750e-2025-2","status":"publish","type":"product","link":"https:\/\/xtremecomponents.cl\/en\/product\/corsair-rme-series-rm750e-2025-2\/","title":{"rendered":"Corsair RMe Series RM750e 2025"},"content":{"rendered":"<div class=\"col-12 col-md-6\">\n<h3>Caracter\u00edsticas<\/h3>\n<dl>\n<dt>Potencia<\/dt>\n<dd>750 W<\/dd>\n<dt>Certificaci\u00f3n<\/dt>\n<dd>80PLUS Gold<\/dd>\n<dt>Tama\u00f1o<\/dt>\n<dd>Estandar ATX<\/dd>\n<dt>PFC activo<\/dt>\n<dd>S\u00ed<\/dd>\n<dt>Modular<\/dt>\n<dd>S\u00ed<\/dd>\n<\/dl>\n<\/div>\n<div class=\"col-12 col-md-6\">\n<h3>Caracter\u00edsticas t\u00e9cnicas<\/h3>\n<dl>\n<dt>Corriente en la l\u00ednea de 12 V<\/dt>\n<dd>54.2 \/ A<\/dd>\n<dt>Corriente en la l\u00ednea de 5 V<\/dt>\n<dd>20 A<\/dd>\n<dt>Corriente en la l\u00ednea de 3.3 V<\/dt>\n<dd>20 A<\/dd>\n<dt>Conectores de energ\u00eda<\/dt>\n<dd>\n<ul>\n<li>1x 16 pines (12VHPWR)<\/li>\n<li>1x 20+4 pines (Motherboard)<\/li>\n<li>2x 4+4 pines (CPU)<\/li>\n<li>3x 6+2 pines (PCI-Express)<\/li>\n<li>2x Molex<\/li>\n<li>6x SATA<\/li>\n<\/ul>\n<\/dd>\n<\/dl>\n<\/div>","protected":false},"excerpt":{"rendered":"<p>Caracter\u00edsticas Potencia 750 W Certificaci\u00f3n 80PLUS Gold Tama\u00f1o Estandar ATX PFC activo S\u00ed Modular S\u00ed Caracter\u00edsticas t\u00e9cnicas Corriente en la<\/p>","protected":false},"featured_media":6641,"comment_status":"open","ping_status":"closed","template":"","meta":{"_monsterinsights_skip_tracking":false,"_monsterinsights_sitenote_active":false,"_monsterinsights_sitenote_note":"","_monsterinsights_sitenote_category":0,"_kadence_starter_templates_imported_post":false,"_joinchat":[]},"product_brand":[],"product_cat":[15],"product_tag":[],"class_list":{"0":"post-6633","1":"product","2":"type-product","3":"status-publish","4":"has-post-thumbnail","6":"product_cat-uncategorized","8":"first","9":"instock","10":"sale","11":"shipping-taxable","12":"purchasable","13":"product-type-simple"},"aioseo_notices":[],"_links":{"self":[{"href":"https:\/\/xtremecomponents.cl\/en\/wp-json\/wp\/v2\/product\/6633","targetHints":{"allow":["GET"]}}],"collection":[{"href":"https:\/\/xtremecomponents.cl\/en\/wp-json\/wp\/v2\/product"}],"about":[{"href":"https:\/\/xtremecomponents.cl\/en\/wp-json\/wp\/v2\/types\/product"}],"replies":[{"embeddable":true,"href":"https:\/\/xtremecomponents.cl\/en\/wp-json\/wp\/v2\/comments?post=6633"}],"version-history":[{"count":1,"href":"https:\/\/xtremecomponents.cl\/en\/wp-json\/wp\/v2\/product\/6633\/revisions"}],"predecessor-version":[{"id":6642,"href":"https:\/\/xtremecomponents.cl\/en\/wp-json\/wp\/v2\/product\/6633\/revisions\/6642"}],"wp:featuredmedia":[{"embeddable":true,"href":"https:\/\/xtremecomponents.cl\/en\/wp-json\/wp\/v2\/media\/6641"}],"wp:attachment":[{"href":"https:\/\/xtremecomponents.cl\/en\/wp-json\/wp\/v2\/media?parent=6633"}],"wp:term":[{"taxonomy":"product_brand","embeddable":true,"href":"https:\/\/xtremecomponents.cl\/en\/wp-json\/wp\/v2\/product_brand?post=6633"},{"taxonomy":"product_cat","embeddable":true,"href":"https:\/\/xtremecomponents.cl\/en\/wp-json\/wp\/v2\/product_cat?post=6633"},{"taxonomy":"product_tag","embeddable":true,"href":"https:\/\/xtremecomponents.cl\/en\/wp-json\/wp\/v2\/product_tag?post=6633"}],"curies":[{"name":"wp","href":"https:\/\/api.w.org\/{rel}","templated":true}]}}