{"id":6724,"date":"2026-05-01T21:24:42","date_gmt":"2026-05-02T00:24:42","guid":{"rendered":"https:\/\/xtremecomponents.cl\/?post_type=product&#038;p=6724"},"modified":"2026-05-04T15:36:56","modified_gmt":"2026-05-04T18:36:56","slug":"amd-ryzen-7-7800x3d","status":"publish","type":"product","link":"https:\/\/xtremecomponents.cl\/en\/product\/amd-ryzen-7-7800x3d\/","title":{"rendered":"AMD RYZEN 7 7800X3D"},"content":{"rendered":"<div class=\"col-12 col-md-6\">\n<h2 class=\"MuiTypography-root MuiTypography-h2 css-7piw59\">[100-100000910WOF]<\/h2>\n<h3>\nCaracter\u00edsticas<\/h3>\n<dl>\n<dt>Frecuencia<\/dt>\n<dd>4200 MHz<\/dd>\n<dt>Frecuencia turbo m\u00e1xima<\/dt>\n<dd>5000 MHz<\/dd>\n<dt>N\u00facleos \/ hilos<\/dt>\n<dd>8 n\u00facleos \/ 16 hilos<\/dd>\n<dt>Cach\u00e9<\/dt>\n<dd>8 x 1MB L2 \/ 96MB L3<\/dd>\n<dt>Socket<\/dt>\n<dd>AM5<\/dd>\n<\/dl>\n<\/div>\n<div class=\"col-12 col-md-6\">\n<h3>Especificaciones secundarias<\/h3>\n<dl>\n<dt>N\u00facleo<\/dt>\n<dd>AMD Raphael (Zen 4)<\/dd>\n<dt>Proceso de manufactura<\/dt>\n<dd>5 nm<\/dd>\n<dt>TDP<\/dt>\n<dd>120 W<\/dd>\n<dt>Cooler<\/dt>\n<dd>No posee<\/dd>\n<dt>Gr\u00e1ficos integrados<\/dt>\n<dd>RDNA 2<\/dd>\n<\/dl>\n<\/div>\n","protected":false},"excerpt":{"rendered":"<p>[100-100000910WOF] Caracter\u00edsticas Frecuencia 4200 MHz Frecuencia turbo m\u00e1xima 5000 MHz N\u00facleos \/ hilos 8 n\u00facleos \/ 16 hilos Cach\u00e9 8<\/p>\n","protected":false},"featured_media":6725,"comment_status":"open","ping_status":"closed","template":"","meta":{"_monsterinsights_skip_tracking":false,"_monsterinsights_sitenote_active":false,"_monsterinsights_sitenote_note":"","_monsterinsights_sitenote_category":0,"_kadence_starter_templates_imported_post":false,"_joinchat":[]},"product_brand":[],"product_cat":[235,198,239,234],"product_tag":[],"class_list":{"0":"post-6724","1":"product","2":"type-product","3":"status-publish","4":"has-post-thumbnail","6":"product_cat-amd","7":"product_cat-compra-inmediata","8":"product_cat-gen-7000","9":"product_cat-procesadores","11":"first","12":"instock","13":"sale","14":"shipping-taxable","15":"purchasable","16":"product-type-simple"},"aioseo_notices":[],"_links":{"self":[{"href":"https:\/\/xtremecomponents.cl\/en\/wp-json\/wp\/v2\/product\/6724","targetHints":{"allow":["GET"]}}],"collection":[{"href":"https:\/\/xtremecomponents.cl\/en\/wp-json\/wp\/v2\/product"}],"about":[{"href":"https:\/\/xtremecomponents.cl\/en\/wp-json\/wp\/v2\/types\/product"}],"replies":[{"embeddable":true,"href":"https:\/\/xtremecomponents.cl\/en\/wp-json\/wp\/v2\/comments?post=6724"}],"version-history":[{"count":1,"href":"https:\/\/xtremecomponents.cl\/en\/wp-json\/wp\/v2\/product\/6724\/revisions"}],"predecessor-version":[{"id":6726,"href":"https:\/\/xtremecomponents.cl\/en\/wp-json\/wp\/v2\/product\/6724\/revisions\/6726"}],"wp:featuredmedia":[{"embeddable":true,"href":"https:\/\/xtremecomponents.cl\/en\/wp-json\/wp\/v2\/media\/6725"}],"wp:attachment":[{"href":"https:\/\/xtremecomponents.cl\/en\/wp-json\/wp\/v2\/media?parent=6724"}],"wp:term":[{"taxonomy":"product_brand","embeddable":true,"href":"https:\/\/xtremecomponents.cl\/en\/wp-json\/wp\/v2\/product_brand?post=6724"},{"taxonomy":"product_cat","embeddable":true,"href":"https:\/\/xtremecomponents.cl\/en\/wp-json\/wp\/v2\/product_cat?post=6724"},{"taxonomy":"product_tag","embeddable":true,"href":"https:\/\/xtremecomponents.cl\/en\/wp-json\/wp\/v2\/product_tag?post=6724"}],"curies":[{"name":"wp","href":"https:\/\/api.w.org\/{rel}","templated":true}]}}