{"id":6727,"date":"2026-05-01T21:33:27","date_gmt":"2026-05-02T00:33:27","guid":{"rendered":"https:\/\/xtremecomponents.cl\/?post_type=product&#038;p=6727"},"modified":"2026-05-01T21:34:43","modified_gmt":"2026-05-02T00:34:43","slug":"amd-ryzen-9-9950x3d","status":"publish","type":"product","link":"https:\/\/xtremecomponents.cl\/en\/product\/amd-ryzen-9-9950x3d\/","title":{"rendered":"AMD RYZEN 9 9950X3D"},"content":{"rendered":"<h2 class=\"MuiTypography-root MuiTypography-h2 css-7piw59\">\u00a0[100-100001368WOF]<\/h2>\n<div class=\"col-12 col-md-6\">\n<h3>Caracter\u00edsticas<\/h3>\n<dl>\n<dt>Frecuencia<\/dt>\n<dd>4400 MHz<\/dd>\n<dt>Frecuencia turbo m\u00e1xima<\/dt>\n<dd>5500 MHz<\/dd>\n<dt>N\u00facleos \/ hilos<\/dt>\n<dd>12 n\u00facleos \/ 24 hilos<\/dd>\n<dt>Cach\u00e9<\/dt>\n<dd>12 x 1MB L2 \/ 128MB L3<\/dd>\n<dt>Socket<\/dt>\n<dd>AM5<\/dd>\n<\/dl>\n<\/div>\n<div class=\"col-12 col-md-6\">\n<h3>Especificaciones secundarias<\/h3>\n<dl>\n<dt>N\u00facleo<\/dt>\n<dd>AMD Granite Ridge (Zen 5)<\/dd>\n<dt>Proceso de manufactura<\/dt>\n<dd>4 nm<\/dd>\n<dt>TDP<\/dt>\n<dd>120 W<\/dd>\n<dt>Cooler<\/dt>\n<dd>No posee<\/dd>\n<dt>Gr\u00e1ficos integrados<\/dt>\n<dd>Radeon Graphics<\/dd>\n<\/dl>\n<\/div>\n","protected":false},"excerpt":{"rendered":"<p>\u00a0[100-100001368WOF] Caracter\u00edsticas Frecuencia 4400 MHz Frecuencia turbo m\u00e1xima 5500 MHz N\u00facleos \/ hilos 12 n\u00facleos \/ 24 hilos Cach\u00e9 12<\/p>\n","protected":false},"featured_media":6728,"comment_status":"open","ping_status":"closed","template":"","meta":{"_monsterinsights_skip_tracking":false,"_monsterinsights_sitenote_active":false,"_monsterinsights_sitenote_note":"","_monsterinsights_sitenote_category":0,"_kadence_starter_templates_imported_post":false,"_joinchat":[]},"product_brand":[],"product_cat":[235,198,240,234],"product_tag":[],"class_list":{"0":"post-6727","1":"product","2":"type-product","3":"status-publish","4":"has-post-thumbnail","6":"product_cat-amd","7":"product_cat-compra-inmediata","8":"product_cat-gen-9000","9":"product_cat-procesadores","11":"first","12":"instock","13":"sale","14":"shipping-taxable","15":"purchasable","16":"product-type-simple"},"aioseo_notices":[],"_links":{"self":[{"href":"https:\/\/xtremecomponents.cl\/en\/wp-json\/wp\/v2\/product\/6727","targetHints":{"allow":["GET"]}}],"collection":[{"href":"https:\/\/xtremecomponents.cl\/en\/wp-json\/wp\/v2\/product"}],"about":[{"href":"https:\/\/xtremecomponents.cl\/en\/wp-json\/wp\/v2\/types\/product"}],"replies":[{"embeddable":true,"href":"https:\/\/xtremecomponents.cl\/en\/wp-json\/wp\/v2\/comments?post=6727"}],"version-history":[{"count":1,"href":"https:\/\/xtremecomponents.cl\/en\/wp-json\/wp\/v2\/product\/6727\/revisions"}],"predecessor-version":[{"id":6730,"href":"https:\/\/xtremecomponents.cl\/en\/wp-json\/wp\/v2\/product\/6727\/revisions\/6730"}],"wp:featuredmedia":[{"embeddable":true,"href":"https:\/\/xtremecomponents.cl\/en\/wp-json\/wp\/v2\/media\/6728"}],"wp:attachment":[{"href":"https:\/\/xtremecomponents.cl\/en\/wp-json\/wp\/v2\/media?parent=6727"}],"wp:term":[{"taxonomy":"product_brand","embeddable":true,"href":"https:\/\/xtremecomponents.cl\/en\/wp-json\/wp\/v2\/product_brand?post=6727"},{"taxonomy":"product_cat","embeddable":true,"href":"https:\/\/xtremecomponents.cl\/en\/wp-json\/wp\/v2\/product_cat?post=6727"},{"taxonomy":"product_tag","embeddable":true,"href":"https:\/\/xtremecomponents.cl\/en\/wp-json\/wp\/v2\/product_tag?post=6727"}],"curies":[{"name":"wp","href":"https:\/\/api.w.org\/{rel}","templated":true}]}}